{"id":2,"date":"2008-03-04T11:15:11","date_gmt":"2008-03-04T10:15:11","guid":{"rendered":""},"modified":"2015-12-22T09:51:58","modified_gmt":"2015-12-22T08:51:58","slug":"about","status":"publish","type":"page","link":"http:\/\/www.bejgli.hu\/?page_id=2","title":{"rendered":"Ezmiez?"},"content":{"rendered":"<p>Ez itt az \u00e9vtizedek sor\u00e1n \u00f6sszegy\u0171lt nagy halom pap\u00edrcetli, \u00fajs\u00e1gkiv\u00e1g\u00e1s, napt\u00e1rlap v\u00e9g\u00e1llom\u00e1sa. Mindezeknek egy k\u00f6z\u00f6s jellemz\u0151je van: kipr\u00f3b\u00e1lt, jav\u00edtott, bev\u00e1lt, sikeres recepteket tartalmaznak.<\/p>\n<p>Egysz\u00f3val nagymama blogja a bar\u00e1tn\u0151knek, koll\u00e9g\u00e1knak, s\u00f3gorn\u0151knek, menyeknek \u00e9s az unok\u00e1knak.<\/p>\n","protected":false},"excerpt":{"rendered":"<p>Ez itt az \u00e9vtizedek sor\u00e1n \u00f6sszegy\u0171lt nagy halom pap\u00edrcetli, \u00fajs\u00e1gkiv\u00e1g\u00e1s, napt\u00e1rlap v\u00e9g\u00e1llom\u00e1sa. Mindezeknek egy k\u00f6z\u00f6s jellemz\u0151je van: kipr\u00f3b\u00e1lt, jav\u00edtott, bev\u00e1lt, sikeres recepteket tartalmaznak. Egysz\u00f3val nagymama blogja a bar\u00e1tn\u0151knek, koll\u00e9g\u00e1knak, s\u00f3gorn\u0151knek, menyeknek \u00e9s az unok\u00e1knak.<\/p>\n","protected":false},"author":1,"featured_media":0,"parent":0,"menu_order":0,"comment_status":"closed","ping_status":"closed","template":"","meta":{"footnotes":""},"_links":{"self":[{"href":"http:\/\/www.bejgli.hu\/index.php?rest_route=\/wp\/v2\/pages\/2"}],"collection":[{"href":"http:\/\/www.bejgli.hu\/index.php?rest_route=\/wp\/v2\/pages"}],"about":[{"href":"http:\/\/www.bejgli.hu\/index.php?rest_route=\/wp\/v2\/types\/page"}],"author":[{"embeddable":true,"href":"http:\/\/www.bejgli.hu\/index.php?rest_route=\/wp\/v2\/users\/1"}],"replies":[{"embeddable":true,"href":"http:\/\/www.bejgli.hu\/index.php?rest_route=%2Fwp%2Fv2%2Fcomments&post=2"}],"version-history":[{"count":3,"href":"http:\/\/www.bejgli.hu\/index.php?rest_route=\/wp\/v2\/pages\/2\/revisions"}],"predecessor-version":[{"id":258,"href":"http:\/\/www.bejgli.hu\/index.php?rest_route=\/wp\/v2\/pages\/2\/revisions\/258"}],"wp:attachment":[{"href":"http:\/\/www.bejgli.hu\/index.php?rest_route=%2Fwp%2Fv2%2Fmedia&parent=2"}],"curies":[{"name":"wp","href":"https:\/\/api.w.org\/{rel}","templated":true}]}}