{"id":148,"date":"2011-09-18T12:31:46","date_gmt":"2011-09-18T11:31:46","guid":{"rendered":"http:\/\/www.bejgli.hu\/?page_id=148"},"modified":"2019-04-24T14:11:12","modified_gmt":"2019-04-24T13:11:12","slug":"tartalomjegyzek-2","status":"publish","type":"page","link":"http:\/\/www.bejgli.hu\/?page_id=148","title":{"rendered":"Tartalomjegyz\u00e9k"},"content":{"rendered":"<div class=\"toc_sitemap_posts_section\"><p class=\"toc_sitemap_posts_letter\">a<\/p><ul class=\"toc_sitemap_posts_list\"><li><a href=\"http:\/\/www.bejgli.hu\/?p=1\">A di\u00f3s \u00e9s m\u00e1kos patk\u00f3<\/a><\/li><li><a href=\"http:\/\/www.bejgli.hu\/?p=234\">Alma puding<\/a><\/li><li><a href=\"http:\/\/www.bejgli.hu\/?p=24\">Alm\u00e1s csirkemell<\/a><\/li><li><a href=\"http:\/\/www.bejgli.hu\/?p=90\">Alm\u00e1s lep\u00e9ny<\/a><\/li><li><a href=\"http:\/\/www.bejgli.hu\/?p=220\">Alm\u00e1s torta<\/a><\/li><li><a href=\"http:\/\/www.bejgli.hu\/?p=186\">Alm\u00e1s-mogyor\u00f3s s\u00fcti<\/a><\/li><li><a href=\"http:\/\/www.bejgli.hu\/?p=112\">Alm\u00e1s-must\u00e1ros pulykamell<\/a><\/li><li><a href=\"http:\/\/www.bejgli.hu\/?p=314\">Alm\u00e1s-t\u00far\u00f3s muffin<\/a><\/li><li><a href=\"http:\/\/www.bejgli.hu\/?p=40\">Andrea pog\u00e1cs\u00e1ja<\/a><\/li><\/ul><\/div><div class=\"toc_sitemap_posts_section\"><p class=\"toc_sitemap_posts_letter\">b<\/p><ul class=\"toc_sitemap_posts_list\"><li><a href=\"http:\/\/www.bejgli.hu\/?p=59\">Babguly\u00e1s bogr\u00e1csban<\/a><\/li><li><a href=\"http:\/\/www.bejgli.hu\/?p=30\">Bejgli (dr.Porp\u00e1czy Alad\u00e1rn\u00e9 pozsonyi kifli receptje alapj\u00e1n tov\u00e1bbfejlesztett)<\/a><\/li><li><a href=\"http:\/\/www.bejgli.hu\/?p=56\">Bogr\u00e1csguly\u00e1s<\/a><\/li><li><a href=\"http:\/\/www.bejgli.hu\/?p=52\">Brokkoli kr\u00e9mleves<\/a><\/li><li><a href=\"http:\/\/www.bejgli.hu\/?p=320\">Brokkolis rakottas<\/a><\/li><li><a href=\"http:\/\/www.bejgli.hu\/?p=260\">Brokkolis toj\u00e1ssal\u00e1ta<\/a><\/li><li><a href=\"http:\/\/www.bejgli.hu\/?p=270\">Bund\u00e1s csirkemell<\/a><\/li><li><a href=\"http:\/\/www.bejgli.hu\/?p=88\">B\u00e9csi krumplisal\u00e1ta<\/a><\/li><li><a href=\"http:\/\/www.bejgli.hu\/?p=196\">B\u00e9csi perec<\/a><\/li><\/ul><\/div><div class=\"toc_sitemap_posts_section\"><p class=\"toc_sitemap_posts_letter\">c<\/p><ul class=\"toc_sitemap_posts_list\"><li><a href=\"http:\/\/www.bejgli.hu\/?p=201\">Charlotte torta<\/a><\/li><li><a href=\"http:\/\/www.bejgli.hu\/?p=51\">Cip\u00f3ban s\u00fclt f\u00fcst\u00f6lt sonka<\/a><\/li><li><a href=\"http:\/\/www.bejgli.hu\/?p=199\">Citrom kr\u00e9m<\/a><\/li><li><a href=\"http:\/\/www.bejgli.hu\/?p=26\">Csalam\u00e1d\u00e9 (Piroska f\u00e9le)<\/a><\/li><li><a href=\"http:\/\/www.bejgli.hu\/?p=308\">Csirke-alag\u00fat<\/a><\/li><li><a href=\"http:\/\/www.bejgli.hu\/?p=277\">Csirkemell borsos bund\u00e1ban<\/a><\/li><li><a href=\"http:\/\/www.bejgli.hu\/?p=58\">Csirkem\u00e1j bogr\u00e1csban<\/a><\/li><li><a href=\"http:\/\/www.bejgli.hu\/?p=70\">Csirkepaprik\u00e1s bogr\u00e1csban<\/a><\/li><li><a href=\"http:\/\/www.bejgli.hu\/?p=139\">Csokikr\u00e9mes di\u00f3torta<\/a><\/li><li><a href=\"http:\/\/www.bejgli.hu\/?p=156\">Csokol\u00e1d\u00e9kr\u00e9m<\/a><\/li><li><a href=\"http:\/\/www.bejgli.hu\/?p=312\">Cs\u00fasztatott palacsinta<\/a><\/li><li><a href=\"http:\/\/www.bejgli.hu\/?p=33\">Cs\u00fcl\u00f6k p\u00e9kn\u00e9 m\u00f3dra<\/a><\/li><li><a href=\"http:\/\/www.bejgli.hu\/?p=9\">Cs\u0151ben s\u00fclt brokkoli<\/a><\/li><li><a href=\"http:\/\/www.bejgli.hu\/?p=117\">Cs\u0151ben s\u00fclt csirkemell<\/a><\/li><\/ul><\/div><div class=\"toc_sitemap_posts_section\"><p class=\"toc_sitemap_posts_letter\">d<\/p><ul class=\"toc_sitemap_posts_list\"><li><a href=\"http:\/\/www.bejgli.hu\/?p=272\">Diabetikus keny\u00e9r<\/a><\/li><li><a href=\"http:\/\/www.bejgli.hu\/?p=74\">Diplomata puding (Porp\u00e1czy Alad\u00e1rn\u00e9 receptje alapj\u00e1n)<\/a><\/li><li><a href=\"http:\/\/www.bejgli.hu\/?p=72\">Di\u00f3s-csokol\u00e1d\u00e9s pisk\u00f3ta (Porp\u00e1czy Alad\u00e1rn\u00e9 receptje alapj\u00e1n)<\/a><\/li><li><a href=\"http:\/\/www.bejgli.hu\/?p=36\">Di\u00f3torta (Eszter n\u00e9ni receptje)<\/a><\/li><\/ul><\/div><div class=\"toc_sitemap_posts_section\"><p class=\"toc_sitemap_posts_letter\">e<\/p><ul class=\"toc_sitemap_posts_list\"><li><a href=\"http:\/\/www.bejgli.hu\/?p=60\">Egyt\u00e1l\u00e9tel bogr\u00e1csban (Istv\u00e1n \u00f6cs\u00e9m lelem\u00e9nye)<\/a><\/li><li><a href=\"http:\/\/www.bejgli.hu\/?p=19\">Eredeti b\u00e9csi kelt t\u00e9szta (Keresztmama receptje)<\/a><\/li><\/ul><\/div><div class=\"toc_sitemap_posts_section\"><p class=\"toc_sitemap_posts_letter\">f<\/p><ul class=\"toc_sitemap_posts_list\"><li><a href=\"http:\/\/www.bejgli.hu\/?p=103\">Fl\u00f3dni (K\u00f6rner Andr\u00e1s: K\u00f3stol\u00f3 a m\u00faltb\u00f3l c. k\u00f6nyve alapj\u00e1n)<\/a><\/li><li><a href=\"http:\/\/www.bejgli.hu\/?p=287\">Fl\u00f3dni II.<\/a><\/li><li><a href=\"http:\/\/www.bejgli.hu\/?p=331\">Ford\u00edtott alm\u00e1s palacsinta<\/a><\/li><li><a href=\"http:\/\/www.bejgli.hu\/?p=29\">Foszl\u00f3s kal\u00e1cs (dr.Porp\u00e1czy Alad\u00e1rn\u00e9: A v\u00e1laszt\u00e9kos konyha)<\/a><\/li><\/ul><\/div><div class=\"toc_sitemap_posts_section\"><p class=\"toc_sitemap_posts_letter\">g<\/p><ul class=\"toc_sitemap_posts_list\"><li><a href=\"http:\/\/www.bejgli.hu\/?p=124\">Gesztenye torta<\/a><\/li><li><a href=\"http:\/\/www.bejgli.hu\/?p=63\">Geszteny\u00e9s kifli ( mirelit leveles t\u00e9szta II. )<\/a><\/li><li><a href=\"http:\/\/www.bejgli.hu\/?p=107\">Gr\u00edzgaluska (levesbet\u00e9t)<\/a><\/li><li><a href=\"http:\/\/www.bejgli.hu\/?p=181\">Gy\u00fcm\u00f6lcsfagylalt (Perger Laci receptje)<\/a><\/li><li><a href=\"http:\/\/www.bejgli.hu\/?p=44\">Gy\u00fcm\u00f6lcsleves<\/a><\/li><li><a href=\"http:\/\/www.bejgli.hu\/?p=211\">Gy\u00fcm\u00f6lcstorta zabpehellyel<\/a><\/li><li><a href=\"http:\/\/www.bejgli.hu\/?p=173\">Gy\u00fcm\u00f6lcs\u00f6s t\u00far\u00f3kr\u00e9m<\/a><\/li><\/ul><\/div><div class=\"toc_sitemap_posts_section\"><p class=\"toc_sitemap_posts_letter\">h<\/p><ul class=\"toc_sitemap_posts_list\"><li><a href=\"http:\/\/www.bejgli.hu\/?p=323\">Holland almatorta<\/a><\/li><li><a href=\"http:\/\/www.bejgli.hu\/?p=76\">H\u00e1zi zsemle<\/a><\/li><li><a href=\"http:\/\/www.bejgli.hu\/?p=27\">H\u00e1zilag k\u00e9sz\u00edtett Baileys lik\u0151r (K\u00e1llay Ica receptje)<\/a><\/li><li><a href=\"http:\/\/www.bejgli.hu\/?p=37\">H\u00fasos kifli (Eszter n\u00e9ni receptje)<\/a><\/li><li><a href=\"http:\/\/www.bejgli.hu\/?p=119\">H\u00fassal t\u00f6lt\u00f6tt cannelloni<\/a><\/li><li><a href=\"http:\/\/www.bejgli.hu\/?p=54\">H\u00fasv\u00e9ti sonka Hawai m\u00f3dra<\/a><\/li><\/ul><\/div><div class=\"toc_sitemap_posts_section\"><p class=\"toc_sitemap_posts_letter\">i<\/p><ul class=\"toc_sitemap_posts_list\"><li><a href=\"http:\/\/www.bejgli.hu\/?p=14\">Intelligens kr\u00e9mes<\/a><\/li><\/ul><\/div><div class=\"toc_sitemap_posts_section\"><p class=\"toc_sitemap_posts_letter\">j<\/p><ul class=\"toc_sitemap_posts_list\"><li><a href=\"http:\/\/www.bejgli.hu\/?p=12\">Joghurttorta<\/a><\/li><\/ul><\/div><div class=\"toc_sitemap_posts_section\"><p class=\"toc_sitemap_posts_letter\">k<\/p><ul class=\"toc_sitemap_posts_list\"><li><a href=\"http:\/\/www.bejgli.hu\/?p=39\">Kaka\u00f3s kocka (Eszter n\u00e9ni receptje)<\/a><\/li><li><a href=\"http:\/\/www.bejgli.hu\/?p=97\">Kal\u00e1cs (a sz\u00e1mtalan lehet\u0151s\u00e9g egyike)<\/a><\/li><li><a href=\"http:\/\/www.bejgli.hu\/?p=122\">Kar\u00e1csonyi gy\u00fcm\u00f6lcskeny\u00e9r<\/a><\/li><li><a href=\"http:\/\/www.bejgli.hu\/?p=191\">Keny\u00e9r<\/a><\/li><li><a href=\"http:\/\/www.bejgli.hu\/?p=115\">Keny\u00e9r falatk\u00e1k<\/a><\/li><li><a href=\"http:\/\/www.bejgli.hu\/?p=16\">Kn\u00e9dli (autentikus)<\/a><\/li><li><a href=\"http:\/\/www.bejgli.hu\/?p=189\">K\u00e1v\u00e9kr\u00e9m<\/a><\/li><li><a href=\"http:\/\/www.bejgli.hu\/?p=62\">K\u00f6r\u00f6z\u00f6tt<\/a><\/li><li><a href=\"http:\/\/www.bejgli.hu\/?p=10\">K\u00fck\u00fcll\u0151i kolb\u00e1szleves<\/a><\/li><\/ul><\/div><div class=\"toc_sitemap_posts_section\"><p class=\"toc_sitemap_posts_letter\">l<\/p><ul class=\"toc_sitemap_posts_list\"><li><a href=\"http:\/\/www.bejgli.hu\/?p=11\">Lasagne<\/a><\/li><li><a href=\"http:\/\/www.bejgli.hu\/?p=66\">Lazacos t\u00e9szta<\/a><\/li><li><a href=\"http:\/\/www.bejgli.hu\/?p=28\">Lencsesal\u00e1ta<\/a><\/li><li><a href=\"http:\/\/www.bejgli.hu\/?p=35\">Lipcsei lep\u00e9ny (Eszter n\u00e9ni receptje)<\/a><\/li><li><a href=\"http:\/\/www.bejgli.hu\/?p=34\">L\u00fadl\u00e1b (Eszter n\u00e9ni receptje, alc\u00edm: &#8222;ha egyszer lesz id\u0151d!&#8221;)<\/a><\/li><li><a href=\"http:\/\/www.bejgli.hu\/?p=86\">L\u00fadl\u00e1b torta<\/a><\/li><\/ul><\/div><div class=\"toc_sitemap_posts_section\"><p class=\"toc_sitemap_posts_letter\">m<\/p><ul class=\"toc_sitemap_posts_list\"><li><a href=\"http:\/\/www.bejgli.hu\/?p=47\">Majon\u00e9zes alma<\/a><\/li><li><a href=\"http:\/\/www.bejgli.hu\/?p=38\">Meggyes lep\u00e9ny<\/a><\/li><li><a href=\"http:\/\/www.bejgli.hu\/?p=23\">Meggyes s\u00fcti (Keresztmama receptje*)<\/a><\/li><li><a href=\"http:\/\/www.bejgli.hu\/?p=5\">Mogyor\u00f3 torta (Nellit\u0151l)<\/a><\/li><li><a href=\"http:\/\/www.bejgli.hu\/?p=53\">Must\u00e1ros ny\u00fal<\/a><\/li><li><a href=\"http:\/\/www.bejgli.hu\/?p=79\">M\u00e1jgaluska (levesbet\u00e9t, Porp\u00e1czyn\u00e9 f\u00e9le)<\/a><\/li><li><a href=\"http:\/\/www.bejgli.hu\/?p=176\">M\u00e1jp\u00e1st\u00e9tom ( Schmidt Gyuri receptje)<\/a><\/li><li><a href=\"http:\/\/www.bejgli.hu\/?p=262\">M\u00e1klisztes s\u00fctem\u00e9ny<\/a><\/li><li><a href=\"http:\/\/www.bejgli.hu\/?p=71\">M\u00e1kos s\u00fctem\u00e9ny<\/a><\/li><li><a href=\"http:\/\/www.bejgli.hu\/?p=15\">M\u00e1rti m\u00e9zese*<\/a><\/li><li><a href=\"http:\/\/www.bejgli.hu\/?p=78\">M\u00e1trai borzas (ahogy a Botos vend\u00e9gl\u0151ben k\u00e9sz\u00edtik)<\/a><\/li><li><a href=\"http:\/\/www.bejgli.hu\/?p=21\">M\u00e9teres kal\u00e1cs<\/a><\/li><li><a href=\"http:\/\/www.bejgli.hu\/?p=31\">M\u00e9zes kr\u00e9mes (Eszter n\u00e9ni receptje*)<\/a><\/li><li><a href=\"http:\/\/www.bejgli.hu\/?p=32\">M\u00e9zes kr\u00e9mes II. (Any\u00e1m receptje)<\/a><\/li><\/ul><\/div><div class=\"toc_sitemap_posts_section\"><p class=\"toc_sitemap_posts_letter\">n<\/p><ul class=\"toc_sitemap_posts_list\"><li><a href=\"http:\/\/www.bejgli.hu\/?p=93\">Nokedli<\/a><\/li><li><a href=\"http:\/\/www.bejgli.hu\/?p=6\">N\u00e9met kugl\u00f3f<\/a><\/li><\/ul><\/div><div class=\"toc_sitemap_posts_section\"><p class=\"toc_sitemap_posts_letter\">o<\/p><ul class=\"toc_sitemap_posts_list\"><li><a href=\"http:\/\/www.bejgli.hu\/?p=50\">Ostorr\u00e9tes<\/a><\/li><li><a href=\"http:\/\/www.bejgli.hu\/?p=326\">Osztr\u00e1k t\u00far\u00f3felf\u00fajt<\/a><\/li><\/ul><\/div><div class=\"toc_sitemap_posts_section\"><p class=\"toc_sitemap_posts_letter\">p<\/p><ul class=\"toc_sitemap_posts_list\"><li><a href=\"http:\/\/www.bejgli.hu\/?p=55\">Paradicsomos k\u00e1poszta (ahogy any\u00f3som f\u0151zte)<\/a><\/li><li><a href=\"http:\/\/www.bejgli.hu\/?p=20\">Pehelyk\u00f6nny\u0171 t\u00far\u00f3spite (Keresztmama receptje*)<\/a><\/li><li><a href=\"http:\/\/www.bejgli.hu\/?p=65\">Piros arannyal bed\u00f6rzs\u00f6lt csirke ( Erd\u0151s \u00c9va receptje)<\/a><\/li><li><a href=\"http:\/\/www.bejgli.hu\/?p=17\">Piroska alm\u00e1s pit\u00e9je<\/a><\/li><li><a href=\"http:\/\/www.bejgli.hu\/?p=95\">P\u00e1colt ny\u00falpecsenye<\/a><\/li><li><a href=\"http:\/\/www.bejgli.hu\/?p=289\">P\u00e1colt \u0151zgerinc meggym\u00e1rt\u00e1ssal<\/a><\/li><li><a href=\"http:\/\/www.bejgli.hu\/?p=170\">P\u00e1rizsi szelet<\/a><\/li><li><a href=\"http:\/\/www.bejgli.hu\/?p=22\">P\u00fcsp\u00f6kkeny\u00e9r (Andrea receptje)<\/a><\/li><\/ul><\/div><div class=\"toc_sitemap_posts_section\"><p class=\"toc_sitemap_posts_letter\">r<\/p><ul class=\"toc_sitemap_posts_list\"><li><a href=\"http:\/\/www.bejgli.hu\/?p=45\">Rakott karfiol<\/a><\/li><li><a href=\"http:\/\/www.bejgli.hu\/?p=48\">Rizsk\u00f6ret k\u00e9sz\u00edt\u00e9se<\/a><\/li><\/ul><\/div><div class=\"toc_sitemap_posts_section\"><p class=\"toc_sitemap_posts_letter\">s<\/p><ul class=\"toc_sitemap_posts_list\"><li><a href=\"http:\/\/www.bejgli.hu\/?p=4\">Sacher torta<\/a><\/li><li><a href=\"http:\/\/www.bejgli.hu\/?p=75\">Sajtos lazac<\/a><\/li><li><a href=\"http:\/\/www.bejgli.hu\/?p=109\">Sajtos r\u00fad<\/a><\/li><li><a href=\"http:\/\/www.bejgli.hu\/?p=61\">Sajtos r\u00fad (mirelit leveles t\u00e9szta felhaszn\u00e1l\u00e1sa No. 1.)<\/a><\/li><li><a href=\"http:\/\/www.bejgli.hu\/?p=64\">Sajttal pan\u00edrozott csirke  (Erd\u0151s \u00c9va receptje kiss\u00e9 tov\u00e1bbfejlesztve)<\/a><\/li><li><a href=\"http:\/\/www.bejgli.hu\/?p=341\">Soml\u00f3i galuska<\/a><\/li><li><a href=\"http:\/\/www.bejgli.hu\/?p=25\">S\u00f3s perec<\/a><\/li><\/ul><\/div><div class=\"toc_sitemap_posts_section\"><p class=\"toc_sitemap_posts_letter\">t<\/p><ul class=\"toc_sitemap_posts_list\"><li><a href=\"http:\/\/www.bejgli.hu\/?p=57\">Tejf\u00f6l\u00f6s csirke (Perger Marika receptje)<\/a><\/li><li><a href=\"http:\/\/www.bejgli.hu\/?p=7\">Tiramisu (saj\u00e1t)<\/a><\/li><li><a href=\"http:\/\/www.bejgli.hu\/?p=159\">T\u00edzperces f\u00e1nk<\/a><\/li><li><a href=\"http:\/\/www.bejgli.hu\/?p=244\">T\u00f6kmaglisztes pog\u00e1csa<\/a><\/li><li><a href=\"http:\/\/www.bejgli.hu\/?p=49\">T\u00f6lt\u00f6tt k\u00e1poszta (k\u00edm\u00e9l\u0151 v\u00e1ltozat)<\/a><\/li><li><a href=\"http:\/\/www.bejgli.hu\/?p=225\">T\u00f6lt\u00f6tt paprika<\/a><\/li><li><a href=\"http:\/\/www.bejgli.hu\/?p=317\">T\u00far\u00f3desszert s\u00fct\u00e9s n\u00e9lk\u00fcl<\/a><\/li><li><a href=\"http:\/\/www.bejgli.hu\/?p=77\">T\u00far\u00f3gomb\u00f3c  (Porp\u00e1czyn\u00e9)<\/a><\/li><li><a href=\"http:\/\/www.bejgli.hu\/?p=128\">T\u00far\u00f3s pog\u00e1csa<\/a><\/li><li><a href=\"http:\/\/www.bejgli.hu\/?p=135\">T\u00far\u00f3torta<\/a><\/li><li><a href=\"http:\/\/www.bejgli.hu\/?p=46\">T\u00far\u00f3torta (saj\u00e1t)<\/a><\/li><li><a href=\"http:\/\/www.bejgli.hu\/?p=209\">T\u00far\u00f3torta zabpehellyel<\/a><\/li><li><a href=\"http:\/\/www.bejgli.hu\/?p=264\">T\u00far\u00f3torta, s\u00f3s<\/a><\/li><\/ul><\/div><div class=\"toc_sitemap_posts_section\"><p class=\"toc_sitemap_posts_letter\">v<\/p><ul class=\"toc_sitemap_posts_list\"><li><a href=\"http:\/\/www.bejgli.hu\/?p=3\">Vargab\u00e9les<\/a><\/li><li><a href=\"http:\/\/www.bejgli.hu\/?p=18\">Vill\u00e1mkal\u00e1cs (Keresztmama receptje)<\/a><\/li><li><a href=\"http:\/\/www.bejgli.hu\/?p=13\">Vizes pisk\u00f3ta (any\u00e1m receptje)<\/a><\/li><\/ul><\/div><div class=\"toc_sitemap_posts_section\"><p class=\"toc_sitemap_posts_letter\">z<\/p><ul class=\"toc_sitemap_posts_list\"><li><a href=\"http:\/\/www.bejgli.hu\/?p=223\">Zebra torta<\/a><\/li><li><a href=\"http:\/\/www.bejgli.hu\/?p=43\">Z\u00f6ldbabsal\u00e1ta<\/a><\/li><li><a href=\"http:\/\/www.bejgli.hu\/?p=68\">Z\u00f6ldf\u0151zel\u00e9kek<\/a><\/li><li><a href=\"http:\/\/www.bejgli.hu\/?p=42\">Z\u00f6ldsal\u00e1ta<\/a><\/li><li><a href=\"http:\/\/www.bejgli.hu\/?p=67\">Z\u00f6lds\u00e9ges t\u00e9szta<\/a><\/li><\/ul><\/div><div class=\"toc_sitemap_posts_section\"><p class=\"toc_sitemap_posts_letter\">?<\/p><ul class=\"toc_sitemap_posts_list\"><li><a href=\"http:\/\/www.bejgli.hu\/?p=73\">\u00c1fony\u00e1s lazac<\/a><\/li><li><a href=\"http:\/\/www.bejgli.hu\/?p=166\">\u00d6rd\u00f6gf\u00e1nk<\/a><\/li><li><a href=\"http:\/\/www.bejgli.hu\/?p=41\">\u00dcnnepi pulykamell  (Vastagn\u00e9 f\u00e9le)<\/a><\/li><\/div>\n","protected":false},"excerpt":{"rendered":"","protected":false},"author":2,"featured_media":0,"parent":0,"menu_order":0,"comment_status":"closed","ping_status":"closed","template":"","meta":{"footnotes":""},"_links":{"self":[{"href":"http:\/\/www.bejgli.hu\/index.php?rest_route=\/wp\/v2\/pages\/148"}],"collection":[{"href":"http:\/\/www.bejgli.hu\/index.php?rest_route=\/wp\/v2\/pages"}],"about":[{"href":"http:\/\/www.bejgli.hu\/index.php?rest_route=\/wp\/v2\/types\/page"}],"author":[{"embeddable":true,"href":"http:\/\/www.bejgli.hu\/index.php?rest_route=\/wp\/v2\/users\/2"}],"replies":[{"embeddable":true,"href":"http:\/\/www.bejgli.hu\/index.php?rest_route=%2Fwp%2Fv2%2Fcomments&post=148"}],"version-history":[{"count":6,"href":"http:\/\/www.bejgli.hu\/index.php?rest_route=\/wp\/v2\/pages\/148\/revisions"}],"predecessor-version":[{"id":304,"href":"http:\/\/www.bejgli.hu\/index.php?rest_route=\/wp\/v2\/pages\/148\/revisions\/304"}],"wp:attachment":[{"href":"http:\/\/www.bejgli.hu\/index.php?rest_route=%2Fwp%2Fv2%2Fmedia&parent=148"}],"curies":[{"name":"wp","href":"https:\/\/api.w.org\/{rel}","templated":true}]}}